{"id":859,"date":"2022-07-19T13:56:06","date_gmt":"2022-07-19T19:56:06","guid":{"rendered":"https:\/\/heromotos.com.gt\/xpulse2022\/?page_id=859"},"modified":"2022-07-19T16:36:28","modified_gmt":"2022-07-19T22:36:28","slug":"quiero-mi-xpulse-200","status":"publish","type":"page","link":"https:\/\/heromotos.com.ec\/xpulse2022\/quiero-mi-xpulse-200\/","title":{"rendered":"Quiero mi XPulse 200"},"content":{"rendered":"\n<div class=\"wp-block-columns is-layout-flex wp-container-core-columns-is-layout-28f84493 wp-block-columns-is-layout-flex\">\n<div class=\"wp-block-column has-cyan-bluish-gray-background-color has-background is-layout-flow wp-block-column-is-layout-flow\" id=\"sectionForm\">\n<div class=\"wp-block-columns topSecondMenu is-layout-flex wp-container-core-columns-is-layout-28f84493 wp-block-columns-is-layout-flex\">\n<div class=\"wp-block-column is-vertically-aligned-center is-layout-flow wp-block-column-is-layout-flow\"><div class=\"wp-block-image\">\n<figure class=\"alignleft size-full\"><img decoding=\"async\" width=\"216\" height=\"100\" loading=\"lazy\" src=\"https:\/\/heromotos.com.ec\/xpulse2022\/wp-content\/uploads\/2022\/07\/logoXPulse200White.png\" alt=\"\" class=\"wp-image-838\"\/><\/figure>\n<\/div><\/div>\n\n\n\n<div class=\"wp-block-column is-vertically-aligned-center is-layout-flow wp-block-column-is-layout-flow\">\n<p class=\"btnBackHome\"><a href=\"https:\/\/heromotos.com.ec\/xpulse2022\/\">Inicio<\/a><\/p>\n<\/div>\n<\/div>\n\n\n\n<div class=\"wp-block-columns formQuieroMiXpulse is-layout-flex wp-container-core-columns-is-layout-28f84493 wp-block-columns-is-layout-flex\">\n<div class=\"wp-block-column is-vertically-aligned-center is-layout-flow wp-block-column-is-layout-flow\">\n<h2 class=\"wp-block-heading\"><strong>Lleva tu XPulse 200<\/strong><\/h2>\n\n\n\n<div class=\"modulForm\">\n<form action=\"https:\/\/webto.salesforce.com\/servlet\/servlet.WebToLead?encoding=UTF-8\" method=\"POST\"><input name=\"oid\" type=\"hidden\" value=\"00D4P000000yX6h\">\n<input name=\"retURL\" type=\"hidden\" value=\"https:\/\/heromotos.com.ec\/xpulse2022\/\"><input id=\"lead_source\" name=\"lead_source\" type=\"hidden\" value=\"Digital\"><input id=\"Origen_Secundario_del_Candidato__c\" name=\"Origen_Secundario_del_Candidato__c\" type=\"hidden\" value=\"Sitio Web\"><input id=\"RecordTypeId\" name=\"RecordTypeId\" type=\"hidden\" value=\"0124P000000lx1V\"><input id=\"salutation\" name=\"salutation\" type=\"hidden\" value=\"Joven\"><input id=\"Empresa__c\" name=\"Empresa__c\" type=\"hidden\" value=\"INDY GT\"><input id=\"Marca_M__c\" name=\"Marca_M__c\" type=\"hidden\" value=\"XPulse 200\"><label for=\"first_name\">Nombre <input id=\"first_name\" maxlength=\"40\" name=\"first_name\" required=\"\" size=\"20\" type=\"text\"><\/label>\n<label for=\"last_name\">Apellido <input id=\"last_name\" maxlength=\"80\" name=\"last_name\" required=\"\" size=\"20\" type=\"text\"><\/label>\n<label for=\"mobile\">N\u00famero de Tel\u00e9fono <input id=\"mobile\" maxlength=\"40\" name=\"mobile\" required=\"\" size=\"20\" type=\"text\"><\/label>\n<label for=\"email\">Correo electr\u00f3nico <input id=\"email\" maxlength=\"80\" name=\"email\" required=\"\" size=\"20\" type=\"text\"><\/label>\n<label for=\"00N3p000004YaWi\">\nDepartamento<select id=\"00N3p000004YaWi\" title=\"Departamento\" name=\"00N3p000004YaWi\" required=\"\">\n<option value=\"\">&#8211;Ninguno&#8211;<\/option>\n<option value=\"Guatemala\">Guatemala<\/option>\n<option value=\"El Progreso\">El Progreso<\/option>\n<option value=\"Sacatep\u00e9quez\">Sacatep\u00e9quez<\/option>\n<option value=\"Chimaltenango\">Chimaltenango<\/option>\n<option value=\"Escuintla\">Escuintla<\/option>\n<option value=\"Santa Rosa\">Santa Rosa<\/option>\n<option value=\"Solola\">Solola<\/option>\n<option value=\"Totonicap\u00e1n\">Totonicap\u00e1n<\/option>\n<option value=\"Quetzaltenango\">Quetzaltenango<\/option>\n<option value=\"Suchitep\u00e9quez\">Suchitep\u00e9quez<\/option>\n<option value=\"Retalhuleu\">Retalhuleu<\/option>\n<option value=\"San Marcos\">San Marcos<\/option>\n<option value=\"Huehuetenango\">Huehuetenango<\/option>\n<option value=\"Quich\u00e9\">Quich\u00e9<\/option>\n<option value=\"Baja Verapaz\">Baja Verapaz<\/option>\n<option value=\"Alta Verapaz\">Alta Verapaz<\/option>\n<option value=\"Pet\u00e9n\">Pet\u00e9n<\/option>\n<option value=\"Izabal\">Izabal<\/option>\n<option value=\"Zacapa\">Zacapa<\/option>\n<option value=\"Chiquimula\">Chiquimula<\/option>\n<option value=\"Jalapa\">Jalapa<\/option>\n<option value=\"Jutiapa\">Jutiapa<\/option>\n<\/select>\n<\/label>\n<label for=\"00N3p000004t60w\"> Municipio<input id=\"00N3p000004t60w\" maxlength=\"100\" name=\"00N3p000004t60w\" size=\"20\" type=\"text\"><\/label>\n\n<div class=\"btnForm\"><input name=\"submit\" value=\"Enviar\" type=\"submit\"><\/div>\n<\/form>\n<\/div>\n<\/div>\n<\/div>\n<\/div>\n<\/div>\n","protected":false},"excerpt":{"rendered":"<p>Inicio Lleva tu XPulse 200 Nombre Apellido N\u00famero de Tel\u00e9fono Correo electr\u00f3nico Departamento&#8211;Ninguno&#8211;GuatemalaEl ProgresoSacatep\u00e9quezChimaltenangoEscuintlaSanta RosaSololaTotonicap\u00e1nQuetzaltenangoSuchitep\u00e9quezRetalhuleuSan MarcosHuehuetenangoQuich\u00e9Baja VerapazAlta VerapazPet\u00e9nIzabalZacapaChiquimulaJalapaJutiapa Municipio<\/p>\n","protected":false},"author":1,"featured_media":0,"parent":0,"menu_order":0,"comment_status":"closed","ping_status":"closed","template":"","meta":{"nf_dc_page":"","advgb_blocks_editor_width":"","advgb_blocks_columns_visual_guide":"","footnotes":""},"class_list":["post-859","page","type-page","status-publish","hentry"],"featured_image_src":null,"yoast_head":"<!-- This site is optimized with the Yoast SEO plugin v27.3 - https:\/\/yoast.com\/product\/yoast-seo-wordpress\/ -->\n<title>Quiero mi XPulse 200 - Xpulse Advance<\/title>\n<meta name=\"robots\" content=\"index, follow, max-snippet:-1, max-image-preview:large, max-video-preview:-1\" \/>\n<link rel=\"canonical\" href=\"https:\/\/heromotos.com.sv\/xpulse2022\/quiero-mi-xpulse-200\/\" \/>\n<meta property=\"og:locale\" content=\"es_ES\" \/>\n<meta property=\"og:type\" content=\"article\" \/>\n<meta property=\"og:title\" content=\"Quiero mi XPulse 200 - Xpulse Advance\" \/>\n<meta property=\"og:description\" content=\"Inicio Lleva tu XPulse 200 Nombre Apellido N\u00famero de Tel\u00e9fono Correo electr\u00f3nico Departamento&#8211;Ninguno&#8211;GuatemalaEl ProgresoSacatep\u00e9quezChimaltenangoEscuintlaSanta RosaSololaTotonicap\u00e1nQuetzaltenangoSuchitep\u00e9quezRetalhuleuSan MarcosHuehuetenangoQuich\u00e9Baja VerapazAlta VerapazPet\u00e9nIzabalZacapaChiquimulaJalapaJutiapa Municipio\" \/>\n<meta property=\"og:url\" content=\"https:\/\/heromotos.com.sv\/xpulse2022\/quiero-mi-xpulse-200\/\" \/>\n<meta property=\"og:site_name\" content=\"Xpulse Advance\" \/>\n<meta property=\"article:modified_time\" content=\"2022-07-19T22:36:28+00:00\" \/>\n<meta property=\"og:image\" content=\"https:\/\/heromotos.com.sv\/xpulse2022\/wp-content\/uploads\/2022\/07\/logoXPulse200White.png\" \/>\n<meta name=\"twitter:card\" content=\"summary_large_image\" \/>\n<meta name=\"twitter:label1\" content=\"Tiempo de lectura\" \/>\n\t<meta name=\"twitter:data1\" content=\"1 minuto\" \/>\n<script type=\"application\/ld+json\" class=\"yoast-schema-graph\">{\"@context\":\"https:\\\/\\\/schema.org\",\"@graph\":[{\"@type\":\"WebPage\",\"@id\":\"https:\\\/\\\/heromotos.com.sv\\\/xpulse2022\\\/quiero-mi-xpulse-200\\\/\",\"url\":\"https:\\\/\\\/heromotos.com.sv\\\/xpulse2022\\\/quiero-mi-xpulse-200\\\/\",\"name\":\"Quiero mi XPulse 200 - Xpulse Advance\",\"isPartOf\":{\"@id\":\"https:\\\/\\\/heromotos.com.ec\\\/xpulse2022\\\/#website\"},\"primaryImageOfPage\":{\"@id\":\"https:\\\/\\\/heromotos.com.sv\\\/xpulse2022\\\/quiero-mi-xpulse-200\\\/#primaryimage\"},\"image\":{\"@id\":\"https:\\\/\\\/heromotos.com.sv\\\/xpulse2022\\\/quiero-mi-xpulse-200\\\/#primaryimage\"},\"thumbnailUrl\":\"https:\\\/\\\/heromotos.com.ec\\\/xpulse2022\\\/wp-content\\\/uploads\\\/2022\\\/07\\\/logoXPulse200White.png\",\"datePublished\":\"2022-07-19T19:56:06+00:00\",\"dateModified\":\"2022-07-19T22:36:28+00:00\",\"breadcrumb\":{\"@id\":\"https:\\\/\\\/heromotos.com.sv\\\/xpulse2022\\\/quiero-mi-xpulse-200\\\/#breadcrumb\"},\"inLanguage\":\"es\",\"potentialAction\":[{\"@type\":\"ReadAction\",\"target\":[\"https:\\\/\\\/heromotos.com.sv\\\/xpulse2022\\\/quiero-mi-xpulse-200\\\/\"]}]},{\"@type\":\"ImageObject\",\"inLanguage\":\"es\",\"@id\":\"https:\\\/\\\/heromotos.com.sv\\\/xpulse2022\\\/quiero-mi-xpulse-200\\\/#primaryimage\",\"url\":\"https:\\\/\\\/heromotos.com.ec\\\/xpulse2022\\\/wp-content\\\/uploads\\\/2022\\\/07\\\/logoXPulse200White.png\",\"contentUrl\":\"https:\\\/\\\/heromotos.com.ec\\\/xpulse2022\\\/wp-content\\\/uploads\\\/2022\\\/07\\\/logoXPulse200White.png\",\"width\":216,\"height\":100},{\"@type\":\"BreadcrumbList\",\"@id\":\"https:\\\/\\\/heromotos.com.sv\\\/xpulse2022\\\/quiero-mi-xpulse-200\\\/#breadcrumb\",\"itemListElement\":[{\"@type\":\"ListItem\",\"position\":1,\"name\":\"Home\",\"item\":\"https:\\\/\\\/heromotos.com.ec\\\/xpulse2022\\\/\"},{\"@type\":\"ListItem\",\"position\":2,\"name\":\"Quiero mi XPulse 200\"}]},{\"@type\":\"WebSite\",\"@id\":\"https:\\\/\\\/heromotos.com.ec\\\/xpulse2022\\\/#website\",\"url\":\"https:\\\/\\\/heromotos.com.ec\\\/xpulse2022\\\/\",\"name\":\"Xpulse Advance\",\"description\":\"Xpulse Advance\",\"potentialAction\":[{\"@type\":\"SearchAction\",\"target\":{\"@type\":\"EntryPoint\",\"urlTemplate\":\"https:\\\/\\\/heromotos.com.ec\\\/xpulse2022\\\/?s={search_term_string}\"},\"query-input\":{\"@type\":\"PropertyValueSpecification\",\"valueRequired\":true,\"valueName\":\"search_term_string\"}}],\"inLanguage\":\"es\"}]}<\/script>\n<!-- \/ Yoast SEO plugin. -->","yoast_head_json":{"title":"Quiero mi XPulse 200 - Xpulse Advance","robots":{"index":"index","follow":"follow","max-snippet":"max-snippet:-1","max-image-preview":"max-image-preview:large","max-video-preview":"max-video-preview:-1"},"canonical":"https:\/\/heromotos.com.sv\/xpulse2022\/quiero-mi-xpulse-200\/","og_locale":"es_ES","og_type":"article","og_title":"Quiero mi XPulse 200 - Xpulse Advance","og_description":"Inicio Lleva tu XPulse 200 Nombre Apellido N\u00famero de Tel\u00e9fono Correo electr\u00f3nico Departamento&#8211;Ninguno&#8211;GuatemalaEl ProgresoSacatep\u00e9quezChimaltenangoEscuintlaSanta RosaSololaTotonicap\u00e1nQuetzaltenangoSuchitep\u00e9quezRetalhuleuSan MarcosHuehuetenangoQuich\u00e9Baja VerapazAlta VerapazPet\u00e9nIzabalZacapaChiquimulaJalapaJutiapa Municipio","og_url":"https:\/\/heromotos.com.sv\/xpulse2022\/quiero-mi-xpulse-200\/","og_site_name":"Xpulse Advance","article_modified_time":"2022-07-19T22:36:28+00:00","og_image":[{"url":"https:\/\/heromotos.com.sv\/xpulse2022\/wp-content\/uploads\/2022\/07\/logoXPulse200White.png","type":"","width":"","height":""}],"twitter_card":"summary_large_image","twitter_misc":{"Tiempo de lectura":"1 minuto"},"schema":{"@context":"https:\/\/schema.org","@graph":[{"@type":"WebPage","@id":"https:\/\/heromotos.com.sv\/xpulse2022\/quiero-mi-xpulse-200\/","url":"https:\/\/heromotos.com.sv\/xpulse2022\/quiero-mi-xpulse-200\/","name":"Quiero mi XPulse 200 - Xpulse Advance","isPartOf":{"@id":"https:\/\/heromotos.com.ec\/xpulse2022\/#website"},"primaryImageOfPage":{"@id":"https:\/\/heromotos.com.sv\/xpulse2022\/quiero-mi-xpulse-200\/#primaryimage"},"image":{"@id":"https:\/\/heromotos.com.sv\/xpulse2022\/quiero-mi-xpulse-200\/#primaryimage"},"thumbnailUrl":"https:\/\/heromotos.com.ec\/xpulse2022\/wp-content\/uploads\/2022\/07\/logoXPulse200White.png","datePublished":"2022-07-19T19:56:06+00:00","dateModified":"2022-07-19T22:36:28+00:00","breadcrumb":{"@id":"https:\/\/heromotos.com.sv\/xpulse2022\/quiero-mi-xpulse-200\/#breadcrumb"},"inLanguage":"es","potentialAction":[{"@type":"ReadAction","target":["https:\/\/heromotos.com.sv\/xpulse2022\/quiero-mi-xpulse-200\/"]}]},{"@type":"ImageObject","inLanguage":"es","@id":"https:\/\/heromotos.com.sv\/xpulse2022\/quiero-mi-xpulse-200\/#primaryimage","url":"https:\/\/heromotos.com.ec\/xpulse2022\/wp-content\/uploads\/2022\/07\/logoXPulse200White.png","contentUrl":"https:\/\/heromotos.com.ec\/xpulse2022\/wp-content\/uploads\/2022\/07\/logoXPulse200White.png","width":216,"height":100},{"@type":"BreadcrumbList","@id":"https:\/\/heromotos.com.sv\/xpulse2022\/quiero-mi-xpulse-200\/#breadcrumb","itemListElement":[{"@type":"ListItem","position":1,"name":"Home","item":"https:\/\/heromotos.com.ec\/xpulse2022\/"},{"@type":"ListItem","position":2,"name":"Quiero mi XPulse 200"}]},{"@type":"WebSite","@id":"https:\/\/heromotos.com.ec\/xpulse2022\/#website","url":"https:\/\/heromotos.com.ec\/xpulse2022\/","name":"Xpulse Advance","description":"Xpulse Advance","potentialAction":[{"@type":"SearchAction","target":{"@type":"EntryPoint","urlTemplate":"https:\/\/heromotos.com.ec\/xpulse2022\/?s={search_term_string}"},"query-input":{"@type":"PropertyValueSpecification","valueRequired":true,"valueName":"search_term_string"}}],"inLanguage":"es"}]}},"coauthors":[],"author_meta":{"author_link":"https:\/\/heromotos.com.ec\/xpulse2022\/author\/developer\/","display_name":"developer"},"relative_dates":{"created":"Publicado 4 a\u00f1os hace","modified":"Actualizado 4 a\u00f1os hace"},"absolute_dates":{"created":"Publicado el julio 19, 2022","modified":"Actualizado el julio 19, 2022"},"absolute_dates_time":{"created":"Publicado el julio 19, 2022 1:56 pm","modified":"Actualizado el julio 19, 2022 4:36 pm"},"featured_img_caption":"","featured_img":false,"series_order":"","_links":{"self":[{"href":"https:\/\/heromotos.com.ec\/xpulse2022\/wp-json\/wp\/v2\/pages\/859","targetHints":{"allow":["GET"]}}],"collection":[{"href":"https:\/\/heromotos.com.ec\/xpulse2022\/wp-json\/wp\/v2\/pages"}],"about":[{"href":"https:\/\/heromotos.com.ec\/xpulse2022\/wp-json\/wp\/v2\/types\/page"}],"author":[{"embeddable":true,"href":"https:\/\/heromotos.com.ec\/xpulse2022\/wp-json\/wp\/v2\/users\/1"}],"replies":[{"embeddable":true,"href":"https:\/\/heromotos.com.ec\/xpulse2022\/wp-json\/wp\/v2\/comments?post=859"}],"version-history":[{"count":5,"href":"https:\/\/heromotos.com.ec\/xpulse2022\/wp-json\/wp\/v2\/pages\/859\/revisions"}],"predecessor-version":[{"id":914,"href":"https:\/\/heromotos.com.ec\/xpulse2022\/wp-json\/wp\/v2\/pages\/859\/revisions\/914"}],"wp:attachment":[{"href":"https:\/\/heromotos.com.ec\/xpulse2022\/wp-json\/wp\/v2\/media?parent=859"}],"curies":[{"name":"wp","href":"https:\/\/api.w.org\/{rel}","templated":true}]}}